{"id":624,"date":"2026-02-03T08:59:36","date_gmt":"2026-02-03T06:59:36","guid":{"rendered":"https:\/\/dana.veebiklass.ee\/?page_id=624"},"modified":"2026-02-04T08:39:21","modified_gmt":"2026-02-04T06:39:21","slug":"uus-pealeht","status":"publish","type":"page","link":"https:\/\/dana.veebiklass.ee\/en\/","title":{"rendered":"Uus pealeht"},"content":{"rendered":"<div data-elementor-type=\"wp-page\" data-elementor-id=\"624\" class=\"elementor elementor-624\">\n\t\t\t\t<div class=\"elementor-element elementor-element-672cbfc e-flex e-con-boxed e-con e-parent\" data-id=\"672cbfc\" data-element_type=\"container\">\n\t\t\t\t\t<div class=\"e-con-inner\">\n\t\t\t\t<div class=\"elementor-element elementor-element-74ba366 elementor-widget elementor-widget-qi_addons_for_elementor_product_list\" data-id=\"74ba366\" data-element_type=\"widget\" data-widget_type=\"qi_addons_for_elementor_product_list.default\">\n\t\t\t\t<div class=\"elementor-widget-container\">\n\t\t\t\t\t<div class=\"qodef-shortcode qodef-m qodef-addons-woo-shortcode qodef-qi-woo-shortcode-product-list qodef-item-layout--info-below-hover-inset qodef-image--hover-zoom qodef-qi-grid qodef-layout--qi-masonry qodef-items--fixed qodef-col-num--4 qodef-item-layout--info-below-hover-inset qodef-responsive--predefined\" >\n\t<div class=\"qodef-grid-inner\">\n\t\t\t<div class=\"qodef-qi-grid-masonry-sizer\"><\/div>\n<div class=\"qodef-e qodef-grid-item desktop-align-left tablet-align-left mobile-align-left product type-product post-648 status-publish first instock product_cat-maaramata has-post-thumbnail shipping-taxable purchasable product-type-simple\">\n\t<div class=\"qodef-e-product-inner\">\n\t\t\t\t\t<div class=\"qodef-e-product-image\">\n\t\t\t\t<div class=\"qodef-e-product-image-holder\">\n\t\t\t\t\t\t\t\t\t\t<img fetchpriority=\"high\" decoding=\"async\" width=\"630\" height=\"410\" src=\"https:\/\/dana.veebiklass.ee\/wp-content\/uploads\/2026\/02\/sock2-e1770188592367.jpg\" class=\"attachment- size-\" alt=\"villased sokid svetlanalt\" srcset=\"https:\/\/dana.veebiklass.ee\/wp-content\/uploads\/2026\/02\/sock2-e1770188592367.jpg 630w, https:\/\/dana.veebiklass.ee\/wp-content\/uploads\/2026\/02\/sock2-e1770188592367-300x195.jpg 300w, https:\/\/dana.veebiklass.ee\/wp-content\/uploads\/2026\/02\/sock2-e1770188592367-18x12.jpg 18w, https:\/\/dana.veebiklass.ee\/wp-content\/uploads\/2026\/02\/sock2-e1770188592367-600x390.jpg 600w\" sizes=\"(max-width: 630px) 100vw, 630px\" title=\"Villased sokid Lindalt\">\t\t\t\t<\/div>\n\t\t\t\t<a href=\"https:\/\/dana.veebiklass.ee\/en\/product\/villased-sokid-svetlanalt\/\" class=\"woocommerce-LoopProduct-link woocommerce-loop-product__link\"><\/a>\t\t\t\t<div class=\"qodef-e-product-image-inner\">\n\t\t\t\t\t<a class=\"qodef-shortcode qodef-m button product_type_simple add_to_cart_button ajax_add_to_cart qodef-qi-button qodef-html--link qodef-layout--filled qodef-type--standard qodef-icon--right qodef-hover--icon-move-horizontal-short\" href=\"\/en\/wp-json\/wp\/v2\/pages\/624?add-to-cart=648\" target=\"_self\" data-product_id=\"648\"  aria-label=\"Add to basket: \u201cVillased sokid Svetlanalt\u201d\" rel=\"nofollow\" data-quantity=\"1\" data-no-translation-aria-label=\"\">\t<span class=\"qodef-m-text\" data-no-translation=\"\" data-trp-gettext=\"\">Add to basket<\/span>\t<\/a>\t\t\t\t<\/div>\n\t\t\t<\/div>\n\t\t\t\t<div class=\"qodef-e-product-content\">\n\t\t\t<div class=\"qodef-e-product-heading\">\n\t\t\t\t<h5 itemprop=\"name\" class=\"qodef-e-product-title qodef-e-title entry-title\">\n\t<a itemprop=\"url\" class=\"qodef-e-product-title-link\" href=\"https:\/\/dana.veebiklass.ee\/en\/product\/villased-sokid-svetlanalt\/\">\n\t\tVillased sokid Svetlanalt\t<\/a>\n<\/h5>\n\t\t\t\t\t\t<div class=\"qodef-woo-product-price price\"><span class=\"woocommerce-Price-amount amount\">10,00&nbsp;<span class=\"woocommerce-Price-currencySymbol\">&euro;<\/span><\/span><\/div>\n\t\t\t\t\t<\/div>\n\t\t\t\t<div class=\"qodef-e-product-categories\"><a href=\"https:\/\/dana.veebiklass.ee\/en\/product-category\/maaramata\/\" rel=\"tag\">M\u00e4\u00e4ramata<\/a><\/div>\n\t\t\t\t\t\t\t\t<\/div>\n\t<\/div>\n<\/div>\n<div class=\"qodef-e qodef-grid-item desktop-align-left tablet-align-left mobile-align-left product type-product post-274 status-publish instock product_cat-maaramata has-post-thumbnail shipping-taxable purchasable product-type-simple\">\n\t<div class=\"qodef-e-product-inner\">\n\t\t\t\t\t<div class=\"qodef-e-product-image\">\n\t\t\t\t<div class=\"qodef-e-product-image-holder\">\n\t\t\t\t\t\t\t\t\t\t<img decoding=\"async\" width=\"1280\" height=\"853\" src=\"https:\/\/dana.veebiklass.ee\/wp-content\/uploads\/2026\/01\/sokid-marilt-1.jpg\" class=\"attachment- size-\" alt=\"Sokid Marilt 1\" srcset=\"https:\/\/dana.veebiklass.ee\/wp-content\/uploads\/2026\/01\/sokid-marilt-1.jpg 1280w, https:\/\/dana.veebiklass.ee\/wp-content\/uploads\/2026\/01\/sokid-marilt-1-600x400.jpg 600w, https:\/\/dana.veebiklass.ee\/wp-content\/uploads\/2026\/01\/sokid-marilt-1-300x200.jpg 300w, https:\/\/dana.veebiklass.ee\/wp-content\/uploads\/2026\/01\/sokid-marilt-1-1024x682.jpg 1024w, https:\/\/dana.veebiklass.ee\/wp-content\/uploads\/2026\/01\/sokid-marilt-1-768x512.jpg 768w\" sizes=\"(max-width: 1280px) 100vw, 1280px\" title=\"Villased sokid Lindalt\">\t\t\t\t<\/div>\n\t\t\t\t<a href=\"https:\/\/dana.veebiklass.ee\/en\/product\/villased-paarissokid-lastele-marilt\/\" class=\"woocommerce-LoopProduct-link woocommerce-loop-product__link\"><\/a>\t\t\t\t<div class=\"qodef-e-product-image-inner\">\n\t\t\t\t\t<a class=\"qodef-shortcode qodef-m button product_type_simple add_to_cart_button ajax_add_to_cart qodef-qi-button qodef-html--link qodef-layout--filled qodef-type--standard qodef-icon--right qodef-hover--icon-move-horizontal-short\" href=\"\/en\/wp-json\/wp\/v2\/pages\/624?add-to-cart=274\" target=\"_self\" data-product_id=\"274\"  aria-label=\"Add to basket: \u201cVillased paarissokid lastele Marilt\u201d\" rel=\"nofollow\" data-quantity=\"1\" data-no-translation-aria-label=\"\">\t<span class=\"qodef-m-text\" data-no-translation=\"\" data-trp-gettext=\"\">Add to basket<\/span>\t<\/a>\t\t\t\t<\/div>\n\t\t\t<\/div>\n\t\t\t\t<div class=\"qodef-e-product-content\">\n\t\t\t<div class=\"qodef-e-product-heading\">\n\t\t\t\t<h5 itemprop=\"name\" class=\"qodef-e-product-title qodef-e-title entry-title\">\n\t<a itemprop=\"url\" class=\"qodef-e-product-title-link\" href=\"https:\/\/dana.veebiklass.ee\/en\/product\/villased-paarissokid-lastele-marilt\/\">\n\t\tVillased paarissokid lastele Marilt\t<\/a>\n<\/h5>\n\t\t\t\t\t\t<div class=\"qodef-woo-product-price price\"><span class=\"woocommerce-Price-amount amount\">10,00&nbsp;<span class=\"woocommerce-Price-currencySymbol\">&euro;<\/span><\/span><\/div>\n\t\t\t\t\t<\/div>\n\t\t\t\t<div class=\"qodef-e-product-categories\"><a href=\"https:\/\/dana.veebiklass.ee\/en\/product-category\/maaramata\/\" rel=\"tag\">M\u00e4\u00e4ramata<\/a><\/div>\n\t\t\t\t\t\t\t\t<\/div>\n\t<\/div>\n<\/div>\n<div class=\"qodef-e qodef-grid-item desktop-align-left tablet-align-left mobile-align-left product type-product post-273 status-publish instock product_cat-maaramata has-post-thumbnail shipping-taxable purchasable product-type-simple\">\n\t<div class=\"qodef-e-product-inner\">\n\t\t\t\t\t<div class=\"qodef-e-product-image\">\n\t\t\t\t<div class=\"qodef-e-product-image-holder\">\n\t\t\t\t\t\t\t\t\t\t<img decoding=\"async\" width=\"1280\" height=\"853\" src=\"https:\/\/dana.veebiklass.ee\/wp-content\/uploads\/2026\/01\/sokk-meist-1.jpg\" class=\"attachment- size-\" alt=\"Sokk Meist 1\" srcset=\"https:\/\/dana.veebiklass.ee\/wp-content\/uploads\/2026\/01\/sokk-meist-1.jpg 1280w, https:\/\/dana.veebiklass.ee\/wp-content\/uploads\/2026\/01\/sokk-meist-1-600x400.jpg 600w, https:\/\/dana.veebiklass.ee\/wp-content\/uploads\/2026\/01\/sokk-meist-1-300x200.jpg 300w, https:\/\/dana.veebiklass.ee\/wp-content\/uploads\/2026\/01\/sokk-meist-1-1024x682.jpg 1024w, https:\/\/dana.veebiklass.ee\/wp-content\/uploads\/2026\/01\/sokk-meist-1-768x512.jpg 768w\" sizes=\"(max-width: 1280px) 100vw, 1280px\" title=\"Villased sokid Lindalt\">\t\t\t\t<\/div>\n\t\t\t\t<a href=\"https:\/\/dana.veebiklass.ee\/en\/product\/villased-sokid-kadrilt\/\" class=\"woocommerce-LoopProduct-link woocommerce-loop-product__link\"><\/a>\t\t\t\t<div class=\"qodef-e-product-image-inner\">\n\t\t\t\t\t<a class=\"qodef-shortcode qodef-m button product_type_simple add_to_cart_button ajax_add_to_cart qodef-qi-button qodef-html--link qodef-layout--filled qodef-type--standard qodef-icon--right qodef-hover--icon-move-horizontal-short\" href=\"\/en\/wp-json\/wp\/v2\/pages\/624?add-to-cart=273\" target=\"_self\" data-product_id=\"273\"  aria-label=\"Add to basket: \u201cVillased sokid Kadrilt\u201d\" rel=\"nofollow\" data-quantity=\"1\" data-no-translation-aria-label=\"\">\t<span class=\"qodef-m-text\" data-no-translation=\"\" data-trp-gettext=\"\">Add to basket<\/span>\t<\/a>\t\t\t\t<\/div>\n\t\t\t<\/div>\n\t\t\t\t<div class=\"qodef-e-product-content\">\n\t\t\t<div class=\"qodef-e-product-heading\">\n\t\t\t\t<h5 itemprop=\"name\" class=\"qodef-e-product-title qodef-e-title entry-title\">\n\t<a itemprop=\"url\" class=\"qodef-e-product-title-link\" href=\"https:\/\/dana.veebiklass.ee\/en\/product\/villased-sokid-kadrilt\/\">\n\t\tVillased sokid Kadrilt\t<\/a>\n<\/h5>\n\t\t\t\t\t\t<div class=\"qodef-woo-product-price price\"><span class=\"woocommerce-Price-amount amount\">9,00&nbsp;<span class=\"woocommerce-Price-currencySymbol\">&euro;<\/span><\/span><\/div>\n\t\t\t\t\t<\/div>\n\t\t\t\t<div class=\"qodef-e-product-categories\"><a href=\"https:\/\/dana.veebiklass.ee\/en\/product-category\/maaramata\/\" rel=\"tag\">M\u00e4\u00e4ramata<\/a><\/div>\n\t\t\t\t\t\t\t\t<\/div>\n\t<\/div>\n<\/div>\n<div class=\"qodef-e qodef-grid-item desktop-align-left tablet-align-left mobile-align-left product type-product post-265 status-publish last instock product_cat-maaramata has-post-thumbnail shipping-taxable purchasable product-type-simple\">\n\t<div class=\"qodef-e-product-inner\">\n\t\t\t\t\t<div class=\"qodef-e-product-image\">\n\t\t\t\t<div class=\"qodef-e-product-image-holder\">\n\t\t\t\t\t\t\t\t\t\t<img loading=\"lazy\" decoding=\"async\" width=\"1280\" height=\"853\" src=\"https:\/\/dana.veebiklass.ee\/wp-content\/uploads\/2026\/01\/varvilised-sokid-1.jpg\" class=\"attachment- size-\" alt=\"Olga\" srcset=\"https:\/\/dana.veebiklass.ee\/wp-content\/uploads\/2026\/01\/varvilised-sokid-1.jpg 1280w, https:\/\/dana.veebiklass.ee\/wp-content\/uploads\/2026\/01\/varvilised-sokid-1-600x400.jpg 600w, https:\/\/dana.veebiklass.ee\/wp-content\/uploads\/2026\/01\/varvilised-sokid-1-300x200.jpg 300w, https:\/\/dana.veebiklass.ee\/wp-content\/uploads\/2026\/01\/varvilised-sokid-1-1024x682.jpg 1024w, https:\/\/dana.veebiklass.ee\/wp-content\/uploads\/2026\/01\/varvilised-sokid-1-768x512.jpg 768w\" sizes=\"(max-width: 1280px) 100vw, 1280px\" title=\"Villased sokid Lindalt\">\t\t\t\t<\/div>\n\t\t\t\t<a href=\"https:\/\/dana.veebiklass.ee\/en\/product\/jpg-sargid\/\" class=\"woocommerce-LoopProduct-link woocommerce-loop-product__link\"><\/a>\t\t\t\t<div class=\"qodef-e-product-image-inner\">\n\t\t\t\t\t<a class=\"qodef-shortcode qodef-m button product_type_simple add_to_cart_button ajax_add_to_cart qodef-qi-button qodef-html--link qodef-layout--filled qodef-type--standard qodef-icon--right qodef-hover--icon-move-horizontal-short\" href=\"\/en\/wp-json\/wp\/v2\/pages\/624?add-to-cart=265\" target=\"_self\" data-product_id=\"265\"  aria-label=\"Add to basket: \u201cVillased sokid Lindalt\u201d\" rel=\"nofollow\" data-quantity=\"1\" data-no-translation-aria-label=\"\">\t<span class=\"qodef-m-text\" data-no-translation=\"\" data-trp-gettext=\"\">Add to basket<\/span>\t<\/a>\t\t\t\t<\/div>\n\t\t\t<\/div>\n\t\t\t\t<div class=\"qodef-e-product-content\">\n\t\t\t<div class=\"qodef-e-product-heading\">\n\t\t\t\t<h5 itemprop=\"name\" class=\"qodef-e-product-title qodef-e-title entry-title\">\n\t<a itemprop=\"url\" class=\"qodef-e-product-title-link\" href=\"https:\/\/dana.veebiklass.ee\/en\/product\/jpg-sargid\/\">\n\t\tVillased sokid Lindalt\t<\/a>\n<\/h5>\n\t\t\t\t\t\t<div class=\"qodef-woo-product-price price\"><span class=\"woocommerce-Price-amount amount\">8,00&nbsp;<span class=\"woocommerce-Price-currencySymbol\">&euro;<\/span><\/span><\/div>\n\t\t\t\t\t<\/div>\n\t\t\t\t<div class=\"qodef-e-product-categories\"><a href=\"https:\/\/dana.veebiklass.ee\/en\/product-category\/maaramata\/\" rel=\"tag\">M\u00e4\u00e4ramata<\/a><\/div>\n\t\t\t\t\t\t\t\t<\/div>\n\t<\/div>\n<\/div>\n\t<\/div>\n\t<\/div>\n\t\t\t\t<\/div>\n\t\t\t\t<\/div>\n\t\t\t\t\t<\/div>\n\t\t\t\t<\/div>\n\t\t\t\t<\/div>","protected":false},"excerpt":{"rendered":"<p>Lisa korvi Villased sokid Svetlanalt 10,00&nbsp;&euro; M\u00e4\u00e4ramata Lisa korvi Villased paarissokid lastele Marilt 10,00&nbsp;&euro; M\u00e4\u00e4ramata Lisa korvi Villased sokid Kadrilt [&hellip;]<\/p>","protected":false},"author":1,"featured_media":0,"parent":0,"menu_order":0,"comment_status":"closed","ping_status":"closed","template":"","meta":{"_uag_custom_page_level_css":"","site-sidebar-layout":"no-sidebar","site-content-layout":"","ast-site-content-layout":"full-width-container","site-content-style":"default","site-sidebar-style":"default","ast-global-header-display":"","ast-banner-title-visibility":"","ast-main-header-display":"","ast-hfb-above-header-display":"","ast-hfb-below-header-display":"","ast-hfb-mobile-header-display":"","site-post-title":"disabled","ast-breadcrumbs-content":"","ast-featured-img":"disabled","footer-sml-layout":"","ast-disable-related-posts":"","theme-transparent-header-meta":"","adv-header-id-meta":"","stick-header-meta":"","header-above-stick-meta":"","header-main-stick-meta":"","header-below-stick-meta":"","astra-migrate-meta-layouts":"default","ast-page-background-enabled":"default","ast-page-background-meta":{"desktop":{"background-color":"var(--ast-global-color-4)","background-image":"","background-repeat":"repeat","background-position":"center center","background-size":"auto","background-attachment":"scroll","background-type":"","background-media":"","overlay-type":"","overlay-color":"","overlay-opacity":"","overlay-gradient":""},"tablet":{"background-color":"","background-image":"","background-repeat":"repeat","background-position":"center center","background-size":"auto","background-attachment":"scroll","background-type":"","background-media":"","overlay-type":"","overlay-color":"","overlay-opacity":"","overlay-gradient":""},"mobile":{"background-color":"","background-image":"","background-repeat":"repeat","background-position":"center center","background-size":"auto","background-attachment":"scroll","background-type":"","background-media":"","overlay-type":"","overlay-color":"","overlay-opacity":"","overlay-gradient":""}},"ast-content-background-meta":{"desktop":{"background-color":"var(--ast-global-color-5)","background-image":"","background-repeat":"repeat","background-position":"center center","background-size":"auto","background-attachment":"scroll","background-type":"","background-media":"","overlay-type":"","overlay-color":"","overlay-opacity":"","overlay-gradient":""},"tablet":{"background-color":"var(--ast-global-color-5)","background-image":"","background-repeat":"repeat","background-position":"center center","background-size":"auto","background-attachment":"scroll","background-type":"","background-media":"","overlay-type":"","overlay-color":"","overlay-opacity":"","overlay-gradient":""},"mobile":{"background-color":"var(--ast-global-color-5)","background-image":"","background-repeat":"repeat","background-position":"center center","background-size":"auto","background-attachment":"scroll","background-type":"","background-media":"","overlay-type":"","overlay-color":"","overlay-opacity":"","overlay-gradient":""}},"footnotes":""},"class_list":["post-624","page","type-page","status-publish","hentry","desktop-align-left","tablet-align-left","mobile-align-left"],"uagb_featured_image_src":{"full":false,"thumbnail":false,"medium":false,"medium_large":false,"large":false,"1536x1536":false,"2048x2048":false,"trp-custom-language-flag":false,"qi_addons_for_elementor_image_size_square":false,"qi_addons_for_elementor_image_size_landscape":false,"qi_addons_for_elementor_image_size_portrait":false,"qi_addons_for_elementor_image_size_huge-square":false,"woocommerce_thumbnail":false,"woocommerce_single":false,"woocommerce_gallery_thumbnail":false},"uagb_author_info":{"display_name":"dana","author_link":"https:\/\/dana.veebiklass.ee\/en\/author\/dana\/"},"uagb_comment_info":0,"uagb_excerpt":"Lisa korvi Villased sokid Svetlanalt 10,00&nbsp;&euro; M\u00e4\u00e4ramata Lisa korvi Villased paarissokid lastele Marilt 10,00&nbsp;&euro; M\u00e4\u00e4ramata Lisa korvi Villased sokid Kadrilt [&hellip;]","jetpack_sharing_enabled":true,"_links":{"self":[{"href":"https:\/\/dana.veebiklass.ee\/en\/wp-json\/wp\/v2\/pages\/624","targetHints":{"allow":["GET"]}}],"collection":[{"href":"https:\/\/dana.veebiklass.ee\/en\/wp-json\/wp\/v2\/pages"}],"about":[{"href":"https:\/\/dana.veebiklass.ee\/en\/wp-json\/wp\/v2\/types\/page"}],"author":[{"embeddable":true,"href":"https:\/\/dana.veebiklass.ee\/en\/wp-json\/wp\/v2\/users\/1"}],"replies":[{"embeddable":true,"href":"https:\/\/dana.veebiklass.ee\/en\/wp-json\/wp\/v2\/comments?post=624"}],"version-history":[{"count":5,"href":"https:\/\/dana.veebiklass.ee\/en\/wp-json\/wp\/v2\/pages\/624\/revisions"}],"predecessor-version":[{"id":665,"href":"https:\/\/dana.veebiklass.ee\/en\/wp-json\/wp\/v2\/pages\/624\/revisions\/665"}],"wp:attachment":[{"href":"https:\/\/dana.veebiklass.ee\/en\/wp-json\/wp\/v2\/media?parent=624"}],"curies":[{"name":"wp","href":"https:\/\/api.w.org\/{rel}","templated":true}]}}