{"id":152,"date":"2026-01-20T08:47:41","date_gmt":"2026-01-20T06:47:41","guid":{"rendered":"https:\/\/dana.veebiklass.ee\/?page_id=152"},"modified":"2026-02-04T09:23:57","modified_gmt":"2026-02-04T07:23:57","slug":"oppetoo","status":"publish","type":"page","link":"https:\/\/dana.veebiklass.ee\/en\/oppetoo\/","title":{"rendered":"\u00d5ppet\u00f6\u00f6"},"content":{"rendered":"<div data-elementor-type=\"wp-page\" data-elementor-id=\"152\" class=\"elementor elementor-152\">\n\t\t\t\t<div class=\"elementor-element elementor-element-b2e5e3e e-flex e-con-boxed e-con e-parent\" data-id=\"b2e5e3e\" data-element_type=\"container\">\n\t\t\t\t\t<div class=\"e-con-inner\">\n\t\t\t\t<div class=\"elementor-element elementor-element-cfd8c84 elementor-align-center elementor-widget elementor-widget-button\" data-id=\"cfd8c84\" data-element_type=\"widget\" data-widget_type=\"button.default\">\n\t\t\t\t\t\t\t\t\t\t<a class=\"elementor-button elementor-button-link elementor-size-sm\" href=\"https:\/\/jpg.tartu.ee\/oppetoo\/tunniplaanid\/\" target=\"_blank\">\n\t\t\t\t\t\t<span class=\"elementor-button-content-wrapper\">\n\t\t\t\t\t\t\t\t\t<span class=\"elementor-button-text\">\u00d5ppet\u00f6\u00f6<\/span>\n\t\t\t\t\t<\/span>\n\t\t\t\t\t<\/a>\n\t\t\t\t\t\t\t\t<\/div>\n\t\t\t\t\t<\/div>\n\t\t\t\t<\/div>\n\t\t<div class=\"elementor-element elementor-element-2a6b377 e-grid e-con-full e-con e-parent\" data-id=\"2a6b377\" data-element_type=\"container\">\n\t\t\t\t<div class=\"elementor-element elementor-element-69a87e4 elementor-widget elementor-widget-heading\" data-id=\"69a87e4\" data-element_type=\"widget\" data-widget_type=\"heading.default\">\n\t\t\t\t\t<h5 class=\"elementor-heading-title elementor-size-default\">Tartu Jaan Poska G\u00fcmnaasiumi tundide ajad:\n\n<\/h5>\t\t\t\t<\/div>\n\t\t\t\t<div class=\"elementor-element elementor-element-08fb003 elementor-widget elementor-widget-heading\" data-id=\"08fb003\" data-element_type=\"widget\" data-widget_type=\"heading.default\">\n\t\t\t\t\t<h5 class=\"elementor-heading-title elementor-size-default\">11. klass:\n\n1. tund 8.20\u20139.35\n2. tund 9.45\u201311.00\n3. tund 11.10\u201312.25\n\ns\u00f6\u00f6givahetund\n4. tund 13.15\u201314.30\n5. tund 14.40\u201315.55\n6. tund 16.00\u201317.15\n<\/h5>\t\t\t\t<\/div>\n\t\t\t\t<div class=\"elementor-element elementor-element-f708a00 elementor-widget elementor-widget-heading\" data-id=\"f708a00\" data-element_type=\"widget\" data-widget_type=\"heading.default\">\n\t\t\t\t\t<h5 class=\"elementor-heading-title elementor-size-default\">10. ja 12. klass:\n\ntund 8.20\u20139.35\ntund 9.45\u201311.00\n\ns\u00f6\u00f6givahetund: 10. klassid\ntund 11.30\u201312.45\n\ns\u00f6\u00f6givahetund: 12. klassid\ntund 13.15\u201314.30\ntund 14.40\u201315.55\ntund 16.00\u201317.15<\/h5>\t\t\t\t<\/div>\n\t\t\t\t<\/div>\n\t\t\t\t<\/div>","protected":false},"excerpt":{"rendered":"<p>\u00d5ppet\u00f6\u00f6 Tartu Jaan Poska G\u00fcmnaasiumi tundide ajad: 11. klass: 1. tund 8.20\u20139.35 2. tund 9.45\u201311.00 3. tund 11.10\u201312.25 s\u00f6\u00f6givahetund 4. [&hellip;]<\/p>","protected":false},"author":1,"featured_media":0,"parent":0,"menu_order":0,"comment_status":"closed","ping_status":"closed","template":"","meta":{"_uag_custom_page_level_css":"","site-sidebar-layout":"no-sidebar","site-content-layout":"","ast-site-content-layout":"full-width-container","site-content-style":"default","site-sidebar-style":"default","ast-global-header-display":"","ast-banner-title-visibility":"","ast-main-header-display":"","ast-hfb-above-header-display":"","ast-hfb-below-header-display":"","ast-hfb-mobile-header-display":"","site-post-title":"","ast-breadcrumbs-content":"","ast-featured-img":"disabled","footer-sml-layout":"","ast-disable-related-posts":"","theme-transparent-header-meta":"","adv-header-id-meta":"","stick-header-meta":"","header-above-stick-meta":"","header-main-stick-meta":"","header-below-stick-meta":"","astra-migrate-meta-layouts":"default","ast-page-background-enabled":"default","ast-page-background-meta":{"desktop":{"background-color":"var(--ast-global-color-4)","background-image":"","background-repeat":"repeat","background-position":"center center","background-size":"auto","background-attachment":"scroll","background-type":"","background-media":"","overlay-type":"","overlay-color":"","overlay-opacity":"","overlay-gradient":""},"tablet":{"background-color":"","background-image":"","background-repeat":"repeat","background-position":"center center","background-size":"auto","background-attachment":"scroll","background-type":"","background-media":"","overlay-type":"","overlay-color":"","overlay-opacity":"","overlay-gradient":""},"mobile":{"background-color":"","background-image":"","background-repeat":"repeat","background-position":"center center","background-size":"auto","background-attachment":"scroll","background-type":"","background-media":"","overlay-type":"","overlay-color":"","overlay-opacity":"","overlay-gradient":""}},"ast-content-background-meta":{"desktop":{"background-color":"var(--ast-global-color-5)","background-image":"","background-repeat":"repeat","background-position":"center center","background-size":"auto","background-attachment":"scroll","background-type":"","background-media":"","overlay-type":"","overlay-color":"","overlay-opacity":"","overlay-gradient":""},"tablet":{"background-color":"var(--ast-global-color-5)","background-image":"","background-repeat":"repeat","background-position":"center center","background-size":"auto","background-attachment":"scroll","background-type":"","background-media":"","overlay-type":"","overlay-color":"","overlay-opacity":"","overlay-gradient":""},"mobile":{"background-color":"var(--ast-global-color-5)","background-image":"","background-repeat":"repeat","background-position":"center center","background-size":"auto","background-attachment":"scroll","background-type":"","background-media":"","overlay-type":"","overlay-color":"","overlay-opacity":"","overlay-gradient":""}},"footnotes":""},"class_list":["post-152","page","type-page","status-publish","hentry"],"uagb_featured_image_src":{"full":false,"thumbnail":false,"medium":false,"medium_large":false,"large":false,"1536x1536":false,"2048x2048":false,"trp-custom-language-flag":false,"qi_addons_for_elementor_image_size_square":false,"qi_addons_for_elementor_image_size_landscape":false,"qi_addons_for_elementor_image_size_portrait":false,"qi_addons_for_elementor_image_size_huge-square":false,"woocommerce_thumbnail":false,"woocommerce_single":false,"woocommerce_gallery_thumbnail":false},"uagb_author_info":{"display_name":"dana","author_link":"https:\/\/dana.veebiklass.ee\/en\/author\/dana\/"},"uagb_comment_info":0,"uagb_excerpt":"\u00d5ppet\u00f6\u00f6 Tartu Jaan Poska G\u00fcmnaasiumi tundide ajad: 11. klass: 1. tund 8.20\u20139.35 2. tund 9.45\u201311.00 3. tund 11.10\u201312.25 s\u00f6\u00f6givahetund 4. [&hellip;]","jetpack_sharing_enabled":true,"_links":{"self":[{"href":"https:\/\/dana.veebiklass.ee\/en\/wp-json\/wp\/v2\/pages\/152","targetHints":{"allow":["GET"]}}],"collection":[{"href":"https:\/\/dana.veebiklass.ee\/en\/wp-json\/wp\/v2\/pages"}],"about":[{"href":"https:\/\/dana.veebiklass.ee\/en\/wp-json\/wp\/v2\/types\/page"}],"author":[{"embeddable":true,"href":"https:\/\/dana.veebiklass.ee\/en\/wp-json\/wp\/v2\/users\/1"}],"replies":[{"embeddable":true,"href":"https:\/\/dana.veebiklass.ee\/en\/wp-json\/wp\/v2\/comments?post=152"}],"version-history":[{"count":5,"href":"https:\/\/dana.veebiklass.ee\/en\/wp-json\/wp\/v2\/pages\/152\/revisions"}],"predecessor-version":[{"id":681,"href":"https:\/\/dana.veebiklass.ee\/en\/wp-json\/wp\/v2\/pages\/152\/revisions\/681"}],"wp:attachment":[{"href":"https:\/\/dana.veebiklass.ee\/en\/wp-json\/wp\/v2\/media?parent=152"}],"curies":[{"name":"wp","href":"https:\/\/api.w.org\/{rel}","templated":true}]}}