{"id":140,"date":"2026-01-20T08:36:30","date_gmt":"2026-01-20T06:36:30","guid":{"rendered":"https:\/\/dana.veebiklass.ee\/?page_id=140"},"modified":"2026-02-04T09:12:01","modified_gmt":"2026-02-04T07:12:01","slug":"jaan-poska-gumnaasium","status":"publish","type":"page","link":"https:\/\/dana.veebiklass.ee\/en\/jaan-poska-gumnaasium\/","title":{"rendered":"Jaan Poska G\u00fcmnaasium"},"content":{"rendered":"<div data-elementor-type=\"wp-page\" data-elementor-id=\"140\" class=\"elementor elementor-140\">\n\t\t\t\t<div class=\"elementor-element elementor-element-857f57b e-grid e-con-boxed e-con e-parent\" data-id=\"857f57b\" data-element_type=\"container\" data-settings=\"{&quot;background_background&quot;:&quot;gradient&quot;}\">\n\t\t\t\t\t<div class=\"e-con-inner\">\n\t\t\t\t<div class=\"elementor-element elementor-element-3ce7fe1 elementor-widget elementor-widget-button\" data-id=\"3ce7fe1\" data-element_type=\"widget\" data-widget_type=\"button.default\">\n\t\t\t\t\t\t\t\t\t\t<a class=\"elementor-button elementor-button-link elementor-size-sm\" href=\"https:\/\/jpg.tartu.ee\/\" target=\"_blank\">\n\t\t\t\t\t\t<span class=\"elementor-button-content-wrapper\">\n\t\t\t\t\t\t\t\t\t<span class=\"elementor-button-text\">Jaan Poska G\u00fcmnaasiumi avaleht<\/span>\n\t\t\t\t\t<\/span>\n\t\t\t\t\t<\/a>\n\t\t\t\t\t\t\t\t<\/div>\n\t\t\t\t<div class=\"elementor-element elementor-element-071d509 elementor-align-center elementor-widget elementor-widget-button\" data-id=\"071d509\" data-element_type=\"widget\" data-widget_type=\"button.default\">\n\t\t\t\t\t\t\t\t\t\t<a class=\"elementor-button elementor-button-link elementor-size-sm\" href=\"https:\/\/jpg.tartu.ee\/oppetoo\/tunniplaanid\/\" target=\"_blank\">\n\t\t\t\t\t\t<span class=\"elementor-button-content-wrapper\">\n\t\t\t\t\t\t\t\t\t<span class=\"elementor-button-text\">\u00d5ppet\u00f6\u00f6<\/span>\n\t\t\t\t\t<\/span>\n\t\t\t\t\t<\/a>\n\t\t\t\t\t\t\t\t<\/div>\n\t\t\t\t<div class=\"elementor-element elementor-element-7c62c42 elementor-align-center elementor-widget elementor-widget-button\" data-id=\"7c62c42\" data-element_type=\"widget\" data-widget_type=\"button.default\">\n\t\t\t\t\t\t\t\t\t\t<a class=\"elementor-button elementor-button-link elementor-size-sm\" href=\"https:\/\/jpg.tartu.ee\/kontakt\/\" target=\"_blank\">\n\t\t\t\t\t\t<span class=\"elementor-button-content-wrapper\">\n\t\t\t\t\t\t\t\t\t<span class=\"elementor-button-text\">Kontakt<\/span>\n\t\t\t\t\t<\/span>\n\t\t\t\t\t<\/a>\n\t\t\t\t\t\t\t\t<\/div>\n\t\t\t\t<div class=\"elementor-element elementor-element-ab15cdc elementor-align-center elementor-widget elementor-widget-button\" data-id=\"ab15cdc\" data-element_type=\"widget\" data-widget_type=\"button.default\">\n\t\t\t\t\t\t\t\t\t\t<a class=\"elementor-button elementor-button-link elementor-size-sm\" href=\"https:\/\/jpg.tartu.ee\/sisseastumine\/oppekavad\/\" target=\"_blank\">\n\t\t\t\t\t\t<span class=\"elementor-button-content-wrapper\">\n\t\t\t\t\t\t\t\t\t<span class=\"elementor-button-text\">Sisseastumine<\/span>\n\t\t\t\t\t<\/span>\n\t\t\t\t\t<\/a>\n\t\t\t\t\t\t\t\t<\/div>\n\t\t\t\t\t<\/div>\n\t\t\t\t<\/div>\n\t\t<div class=\"elementor-element elementor-element-5acb0f0 e-grid e-con-boxed e-con e-parent\" data-id=\"5acb0f0\" data-element_type=\"container\">\n\t\t\t\t\t<div class=\"e-con-inner\">\n\t\t\t\t<div class=\"elementor-element elementor-element-2e3f68a elementor-widget elementor-widget-heading\" data-id=\"2e3f68a\" data-element_type=\"widget\" data-widget_type=\"heading.default\">\n\t\t\t\t\t<h3 class=\"elementor-heading-title elementor-size-default\">Tule \u00f5ppima Jaan Poska G\u00fcmnaasiumisse!\nSee on kooli, kus toetatakse sinu arengut ja julgustatakse m\u00f5tlema suurelt. Meie juures saad kvaliteetse hariduse, s\u00f5braliku koolikeskkonna ja v\u00f5imaluse avastada oma tugevusi. Astu samm tuleviku poole ja vali JPG!<\/h3>\t\t\t\t<\/div>\n\t\t\t\t<div class=\"elementor-element elementor-element-3e281e4 elementor-widget elementor-widget-image\" data-id=\"3e281e4\" data-element_type=\"widget\" data-widget_type=\"image.default\">\n\t\t\t\t\t\t\t\t\t\t\t\t\t\t\t<img fetchpriority=\"high\" decoding=\"async\" width=\"683\" height=\"960\" src=\"https:\/\/dana.veebiklass.ee\/wp-content\/uploads\/2026\/01\/jaan-poska.jpg\" class=\"attachment-medium_large size-medium_large wp-image-168\" alt=\"Jaan Poska\" srcset=\"https:\/\/dana.veebiklass.ee\/wp-content\/uploads\/2026\/01\/jaan-poska.jpg 683w, https:\/\/dana.veebiklass.ee\/wp-content\/uploads\/2026\/01\/jaan-poska-600x843.jpg 600w, https:\/\/dana.veebiklass.ee\/wp-content\/uploads\/2026\/01\/jaan-poska-213x300.jpg 213w\" sizes=\"(max-width: 683px) 100vw, 683px\" title=\"Jaan Poska G\u00fcmnaasium\">\t\t\t\t\t\t\t\t\t\t\t\t\t\t\t<\/div>\n\t\t\t\t<div class=\"elementor-element elementor-element-df6e15c elementor-widget elementor-widget-image\" data-id=\"df6e15c\" data-element_type=\"widget\" data-widget_type=\"image.default\">\n\t\t\t\t\t\t\t\t\t\t\t\t\t\t\t<img decoding=\"async\" width=\"768\" height=\"640\" src=\"https:\/\/dana.veebiklass.ee\/wp-content\/uploads\/2026\/01\/jaan-poska-gymaanium-768x640.jpg\" class=\"attachment-medium_large size-medium_large wp-image-136\" alt=\"Jaan Poska Gymaanium 768x640\" srcset=\"https:\/\/dana.veebiklass.ee\/wp-content\/uploads\/2026\/01\/jaan-poska-gymaanium-768x640.jpg 768w, https:\/\/dana.veebiklass.ee\/wp-content\/uploads\/2026\/01\/jaan-poska-gymaanium-scaled-600x500.jpg 600w, https:\/\/dana.veebiklass.ee\/wp-content\/uploads\/2026\/01\/jaan-poska-gymaanium-300x250.jpg 300w, https:\/\/dana.veebiklass.ee\/wp-content\/uploads\/2026\/01\/jaan-poska-gymaanium-1024x853.jpg 1024w, https:\/\/dana.veebiklass.ee\/wp-content\/uploads\/2026\/01\/jaan-poska-gymaanium-1536x1280.jpg 1536w, https:\/\/dana.veebiklass.ee\/wp-content\/uploads\/2026\/01\/jaan-poska-gymaanium-2048x1707.jpg 2048w\" sizes=\"(max-width: 768px) 100vw, 768px\" title=\"Jaan Poska G\u00fcmnaasium\">\t\t\t\t\t\t\t\t\t\t\t\t\t\t\t<\/div>\n\t\t\t\t<div class=\"elementor-element elementor-element-da2081d elementor-widget elementor-widget-qi_addons_for_elementor_typeout_text\" data-id=\"da2081d\" data-element_type=\"widget\" data-widget_type=\"qi_addons_for_elementor_typeout_text.default\">\n\t\t\t\t<div class=\"elementor-widget-container\">\n\t\t\t\t\t<div class=\"qodef-shortcode qodef-m qodef-qi-typeout-text\" data-strings=\"[&quot;Varsti l\\u00f5peb kool!&quot;,&quot;Varsti algab suvi!&quot;,&quot;&quot;]\" data-cursor=\"|\">\n\t<h2 class=\"qodef-m-text\">\n\t\t\t\t<span class=\"qodef-typeout-holder\">\n\t\t\t<span class=\"qodef-typeout\"><\/span>\n\t\t<\/span>\n\t<\/h2>\n<\/div>\n\t\t\t\t<\/div>\n\t\t\t\t<\/div>\n\t\t\t\t<div class=\"elementor-element elementor-element-7fa54af elementor-widget elementor-widget-qi_addons_for_elementor_animated_text\" data-id=\"7fa54af\" data-element_type=\"widget\" data-widget_type=\"qi_addons_for_elementor_animated_text.default\">\n\t\t\t\t<div class=\"elementor-widget-container\">\n\t\t\t\t\t<div class=\"qodef-shortcode qodef-m qodef-qi-animated-text qodef-qi--has-appear qodef--appear-from-bottom\" >\n\t\t<h2 class=\"qodef-m-title\">\n\t\tJaan Poska ootab!\t<\/h2>\n<\/div>\n\t\t\t\t<\/div>\n\t\t\t\t<\/div>\n\t\t<div class=\"elementor-element elementor-element-7adb3b7 e-grid e-con-full e-con e-child\" data-id=\"7adb3b7\" data-element_type=\"container\">\n\t\t\t\t<\/div>\n\t\t\t\t\t<\/div>\n\t\t\t\t<\/div>\n\t\t<div class=\"elementor-element elementor-element-050389e e-flex e-con-boxed e-con e-parent\" data-id=\"050389e\" data-element_type=\"container\">\n\t\t\t\t\t<div class=\"e-con-inner\">\n\t\t\t\t<div class=\"elementor-element elementor-element-eff446d elementor-widget elementor-widget-heading\" data-id=\"eff446d\" data-element_type=\"widget\" data-widget_type=\"heading.default\">\n\t\t\t\t\t<h2 class=\"elementor-heading-title elementor-size-default\">Suvevaheajani j\u00e4\u00e4nud...<\/h2>\t\t\t\t<\/div>\n\t\t\t\t\t<\/div>\n\t\t\t\t<\/div>\n\t\t<div class=\"elementor-element elementor-element-a247367 e-flex e-con-boxed e-con e-parent\" data-id=\"a247367\" data-element_type=\"container\">\n\t\t\t\t\t<div class=\"e-con-inner\">\n\t\t\t\t<div class=\"elementor-element elementor-element-f5d7ae4 elementor-widget elementor-widget-qi_addons_for_elementor_countdown\" data-id=\"f5d7ae4\" data-element_type=\"widget\" data-widget_type=\"qi_addons_for_elementor_countdown.default\">\n\t\t\t\t<div class=\"elementor-widget-container\">\n\t\t\t\t\t<div class=\"qodef-shortcode qodef-m Suvevaheajani on j\u00e4\u00e4nud... qodef-qi-countdown qodef-layout--simple qodef-justify--space-evenly\" data-date=\"2026\/06\/10 00:00:00\"  data-month-label=\"Month\" data-month-label-plural=\"Months\" data-day-label=\"Day\" data-day-label-plural=\"Days\" data-hour-label=\"Hour\" data-hour-label-plural=\"Hours\" data-minute-label=\"Minute\" data-minute-label-plural=\"Minutes\" data-second-label=\"Second\" data-second-label-plural=\"Seconds\">\n\t<span class=\"qodef-m-date\">\n\t\t\t\t\t<span class=\"qodef-digit-wrapper qodef-months\">\n\t\t\t\t<span class=\"qodef-digit\">00<\/span>\n\t\t\t\t<span class=\"qodef-label\"><\/span>\n\t\t\t<\/span>\n\t\t\t\t<span class=\"qodef-digit-wrapper qodef-days\">\n\t\t\t<span class=\"qodef-digit\">00<\/span>\n\t\t\t<span class=\"qodef-label\"><\/span>\n\t\t<\/span>\n\t\t<span class=\"qodef-digit-wrapper qodef-hours\">\n\t\t\t<span class=\"qodef-digit\">00<\/span>\n\t\t\t<span class=\"qodef-label\"><\/span>\n\t\t<\/span>\n\t\t\t\t\t<span class=\"qodef-digit-wrapper qodef-minutes\">\n\t\t\t\t<span class=\"qodef-digit\">00<\/span>\n\t\t\t\t<span class=\"qodef-label\"><\/span>\n\t\t\t<\/span>\n\t\t\t\t\t\t\t<span class=\"qodef-digit-wrapper qodef-seconds\">\n\t\t\t\t\t<span class=\"qodef-digit\">00<\/span>\n\t\t\t\t\t<span class=\"qodef-label\"><\/span>\n\t\t\t\t<\/span>\n\t\t\t\t\t\t<\/span>\n<\/div>\n\t\t\t\t<\/div>\n\t\t\t\t<\/div>\n\t\t\t\t\t<\/div>\n\t\t\t\t<\/div>\n\t\t\t\t<\/div>","protected":false},"excerpt":{"rendered":"<p>Jaan Poska G\u00fcmnaasiumi avaleht \u00d5ppet\u00f6\u00f6 Kontakt Sisseastumine Tule \u00f5ppima Jaan Poska G\u00fcmnaasiumisse! See on kooli, kus toetatakse sinu arengut ja [&hellip;]<\/p>","protected":false},"author":1,"featured_media":0,"parent":0,"menu_order":0,"comment_status":"closed","ping_status":"closed","template":"","meta":{"_uag_custom_page_level_css":"","site-sidebar-layout":"no-sidebar","site-content-layout":"","ast-site-content-layout":"full-width-container","site-content-style":"default","site-sidebar-style":"default","ast-global-header-display":"","ast-banner-title-visibility":"","ast-main-header-display":"","ast-hfb-above-header-display":"","ast-hfb-below-header-display":"","ast-hfb-mobile-header-display":"","site-post-title":"","ast-breadcrumbs-content":"","ast-featured-img":"disabled","footer-sml-layout":"","ast-disable-related-posts":"","theme-transparent-header-meta":"","adv-header-id-meta":"","stick-header-meta":"","header-above-stick-meta":"","header-main-stick-meta":"","header-below-stick-meta":"","astra-migrate-meta-layouts":"default","ast-page-background-enabled":"default","ast-page-background-meta":{"desktop":{"background-color":"var(--ast-global-color-4)","background-image":"","background-repeat":"repeat","background-position":"center center","background-size":"auto","background-attachment":"scroll","background-type":"","background-media":"","overlay-type":"","overlay-color":"","overlay-opacity":"","overlay-gradient":""},"tablet":{"background-color":"","background-image":"","background-repeat":"repeat","background-position":"center center","background-size":"auto","background-attachment":"scroll","background-type":"","background-media":"","overlay-type":"","overlay-color":"","overlay-opacity":"","overlay-gradient":""},"mobile":{"background-color":"","background-image":"","background-repeat":"repeat","background-position":"center center","background-size":"auto","background-attachment":"scroll","background-type":"","background-media":"","overlay-type":"","overlay-color":"","overlay-opacity":"","overlay-gradient":""}},"ast-content-background-meta":{"desktop":{"background-color":"var(--ast-global-color-5)","background-image":"","background-repeat":"repeat","background-position":"center center","background-size":"auto","background-attachment":"scroll","background-type":"","background-media":"","overlay-type":"","overlay-color":"","overlay-opacity":"","overlay-gradient":""},"tablet":{"background-color":"var(--ast-global-color-5)","background-image":"","background-repeat":"repeat","background-position":"center center","background-size":"auto","background-attachment":"scroll","background-type":"","background-media":"","overlay-type":"","overlay-color":"","overlay-opacity":"","overlay-gradient":""},"mobile":{"background-color":"var(--ast-global-color-5)","background-image":"","background-repeat":"repeat","background-position":"center center","background-size":"auto","background-attachment":"scroll","background-type":"","background-media":"","overlay-type":"","overlay-color":"","overlay-opacity":"","overlay-gradient":""}},"footnotes":""},"class_list":["post-140","page","type-page","status-publish","hentry"],"uagb_featured_image_src":{"full":false,"thumbnail":false,"medium":false,"medium_large":false,"large":false,"1536x1536":false,"2048x2048":false,"trp-custom-language-flag":false,"qi_addons_for_elementor_image_size_square":false,"qi_addons_for_elementor_image_size_landscape":false,"qi_addons_for_elementor_image_size_portrait":false,"qi_addons_for_elementor_image_size_huge-square":false,"woocommerce_thumbnail":false,"woocommerce_single":false,"woocommerce_gallery_thumbnail":false},"uagb_author_info":{"display_name":"dana","author_link":"https:\/\/dana.veebiklass.ee\/en\/author\/dana\/"},"uagb_comment_info":0,"uagb_excerpt":"Jaan Poska G\u00fcmnaasiumi avaleht \u00d5ppet\u00f6\u00f6 Kontakt Sisseastumine Tule \u00f5ppima Jaan Poska G\u00fcmnaasiumisse! See on kooli, kus toetatakse sinu arengut ja [&hellip;]","jetpack_sharing_enabled":true,"_links":{"self":[{"href":"https:\/\/dana.veebiklass.ee\/en\/wp-json\/wp\/v2\/pages\/140","targetHints":{"allow":["GET"]}}],"collection":[{"href":"https:\/\/dana.veebiklass.ee\/en\/wp-json\/wp\/v2\/pages"}],"about":[{"href":"https:\/\/dana.veebiklass.ee\/en\/wp-json\/wp\/v2\/types\/page"}],"author":[{"embeddable":true,"href":"https:\/\/dana.veebiklass.ee\/en\/wp-json\/wp\/v2\/users\/1"}],"replies":[{"embeddable":true,"href":"https:\/\/dana.veebiklass.ee\/en\/wp-json\/wp\/v2\/comments?post=140"}],"version-history":[{"count":5,"href":"https:\/\/dana.veebiklass.ee\/en\/wp-json\/wp\/v2\/pages\/140\/revisions"}],"predecessor-version":[{"id":675,"href":"https:\/\/dana.veebiklass.ee\/en\/wp-json\/wp\/v2\/pages\/140\/revisions\/675"}],"wp:attachment":[{"href":"https:\/\/dana.veebiklass.ee\/en\/wp-json\/wp\/v2\/media?parent=140"}],"curies":[{"name":"wp","href":"https:\/\/api.w.org\/{rel}","templated":true}]}}